{"id":266,"date":"2025-03-28T07:46:15","date_gmt":"2025-03-28T07:46:15","guid":{"rendered":"https:\/\/execor.vamtam.com\/?page_id=266"},"modified":"2025-12-22T09:20:36","modified_gmt":"2025-12-22T09:20:36","slug":"mediateur","status":"publish","type":"page","link":"https:\/\/www.aer-consulting.com\/index.php\/mediateur\/","title":{"rendered":"Le M\u00e9diateur professionnel"},"content":{"rendered":"\t\t<div data-elementor-type=\"wp-page\" data-elementor-id=\"266\" class=\"elementor elementor-266\" data-elementor-post-type=\"page\">\n\t\t\t\t<div class=\"elementor-element elementor-element-513980f e-flex e-con-boxed e-con e-parent\" data-id=\"513980f\" data-element_type=\"container\">\n\t\t\t\t\t<div class=\"e-con-inner\">\n\t\t<div class=\"elementor-element elementor-element-0637164 e-con-full e-flex e-con e-child\" data-id=\"0637164\" data-element_type=\"container\">\n\t\t<div class=\"elementor-element elementor-element-dc89331 e-con-full e-flex e-con e-child\" data-id=\"dc89331\" data-element_type=\"container\" data-settings=\"{&quot;background_background&quot;:&quot;classic&quot;}\">\n\t\t\t\t<\/div>\n\t\t\t\t<\/div>\n\t\t<div class=\"elementor-element elementor-element-234846a e-con-full e-flex e-con e-child\" data-id=\"234846a\" data-element_type=\"container\">\n\t\t\t\t<div class=\"elementor-element elementor-element-144d7d9 elementor-invisible animated-fast elementor-widget elementor-widget-heading\" data-id=\"144d7d9\" data-element_type=\"widget\" data-settings=\"{&quot;_animation&quot;:&quot;slideInUp&quot;}\" data-widget_type=\"heading.default\">\n\t\t\t\t<div class=\"elementor-widget-container\">\n\t\t\t\t\t<span class=\"elementor-heading-title elementor-size-default\">G\u00e9rant &amp; Fondateur du Cabinet AER Consulting<\/span>\t\t\t\t<\/div>\n\t\t\t\t<\/div>\n\t\t\t\t<div class=\"elementor-element elementor-element-60727ca elementor-invisible elementor-widget-tablet__width-inherit animated-fast elementor-widget elementor-widget-heading\" data-id=\"60727ca\" data-element_type=\"widget\" data-settings=\"{&quot;_animation&quot;:&quot;slideInUp&quot;,&quot;_animation_delay&quot;:50}\" data-widget_type=\"heading.default\">\n\t\t\t\t<div class=\"elementor-widget-container\">\n\t\t\t\t\t<h2 class=\"elementor-heading-title elementor-size-default\">M. AKPRO ESMEL RAOUL<\/h2>\t\t\t\t<\/div>\n\t\t\t\t<\/div>\n\t\t\t\t<div class=\"elementor-element elementor-element-81ef2be elementor-invisible elementor-widget-tablet__width-inherit animated-fast elementor-widget elementor-widget-text-editor\" data-id=\"81ef2be\" data-element_type=\"widget\" data-settings=\"{&quot;_animation&quot;:&quot;fadeIn&quot;,&quot;_animation_delay&quot;:200}\" data-widget_type=\"text-editor.default\">\n\t\t\t\t<div class=\"elementor-widget-container\">\n\t\t\t\t\t\t\t\t\t<p>est m\u00e9diateur professionnel, m\u00e9diateur familial form\u00e9 au Centre de Recherche et de Formation Professionnelle \u00e0 la M\u00e9diation, l&rsquo;Arbitrage et la N\u00e9gociation (CERFOPMAN) en collaboration avec l&rsquo;Institut de Formation \u00e0 la M\u00e9diation et \u00e0 la N\u00e9gociation (IFOMENE) de Paris et l&rsquo;Over Cultural Mediation Agency (OMA) de Bruxelles.<\/p><p>J&rsquo;accompagne les personnes et les organisations dans la r\u00e9solution pacifique des conflits, avec \u00e9coute, rigueur et respect de la dignit\u00e9 humaine.<\/p>\t\t\t\t\t\t\t\t<\/div>\n\t\t\t\t<\/div>\n\t\t\t\t<div class=\"elementor-element elementor-element-3f8ee1b elementor-invisible elementor-align-left elementor-tablet-align-left animated-fast elementor-icon-list--layout-traditional elementor-list-item-link-full_width elementor-widget elementor-widget-icon-list\" data-id=\"3f8ee1b\" data-element_type=\"widget\" data-settings=\"{&quot;_animation&quot;:&quot;fadeIn&quot;,&quot;_animation_delay&quot;:250}\" data-widget_type=\"icon-list.default\">\n\t\t\t\t<div class=\"elementor-widget-container\">\n\t\t\t\t\t\t\t<ul class=\"elementor-icon-list-items\">\n\t\t\t\t\t\t\t<li class=\"elementor-icon-list-item\">\n\t\t\t\t\t\t\t\t\t\t\t<span class=\"elementor-icon-list-icon\">\n\t\t\t\t\t\t\t<i aria-hidden=\"true\" class=\"vamtamtheme- vamtam-theme-chack-circle\"><\/i>\t\t\t\t\t\t<\/span>\n\t\t\t\t\t\t\t\t\t\t<span class=\"elementor-icon-list-text\">Qualifi\u00e9 en m\u00e9diation professionelle<\/span>\n\t\t\t\t\t\t\t\t\t<\/li>\n\t\t\t\t\t\t\t\t<li class=\"elementor-icon-list-item\">\n\t\t\t\t\t\t\t\t\t\t\t<span class=\"elementor-icon-list-icon\">\n\t\t\t\t\t\t\t<i aria-hidden=\"true\" class=\"vamtamtheme- vamtam-theme-chack-circle\"><\/i>\t\t\t\t\t\t<\/span>\n\t\t\t\t\t\t\t\t\t\t<span class=\"elementor-icon-list-text\">Qualifi\u00e9 en m\u00e9diation civile (Familiale, contractuelle...)<\/span>\n\t\t\t\t\t\t\t\t\t<\/li>\n\t\t\t\t\t\t<\/ul>\n\t\t\t\t\t\t<\/div>\n\t\t\t\t<\/div>\n\t\t\t\t<\/div>\n\t\t\t\t\t<\/div>\n\t\t\t\t<\/div>\n\t\t<div class=\"elementor-element elementor-element-b4a0048 e-con-full e-flex e-con e-parent\" data-id=\"b4a0048\" data-element_type=\"container\">\n\t\t<div class=\"elementor-element elementor-element-d2c47d4 e-flex e-con-boxed e-con e-child\" data-id=\"d2c47d4\" data-element_type=\"container\" data-settings=\"{&quot;background_background&quot;:&quot;classic&quot;}\">\n\t\t\t\t\t<div class=\"e-con-inner\">\n\t\t<div class=\"elementor-element elementor-element-5c13d67 e-con-full e-flex e-con e-child\" data-id=\"5c13d67\" data-element_type=\"container\">\n\t\t\t\t<div class=\"elementor-element elementor-element-b30bde7 elementor-invisible animated-fast elementor-widget elementor-widget-heading\" data-id=\"b30bde7\" data-element_type=\"widget\" data-settings=\"{&quot;_animation&quot;:&quot;slideInUp&quot;}\" data-widget_type=\"heading.default\">\n\t\t\t\t<div class=\"elementor-widget-container\">\n\t\t\t\t\t<span class=\"elementor-heading-title elementor-size-default\">R\u00f4le<\/span>\t\t\t\t<\/div>\n\t\t\t\t<\/div>\n\t\t\t\t<div class=\"elementor-element elementor-element-6acb810 elementor-invisible elementor-widget-tablet__width-inherit animated-fast elementor-widget elementor-widget-heading\" data-id=\"6acb810\" data-element_type=\"widget\" data-settings=\"{&quot;_animation&quot;:&quot;slideInUp&quot;,&quot;_animation_delay&quot;:50}\" data-widget_type=\"heading.default\">\n\t\t\t\t<div class=\"elementor-widget-container\">\n\t\t\t\t\t<h2 class=\"elementor-heading-title elementor-size-default\">Le M\u00e9diateur professionnel<\/h2>\t\t\t\t<\/div>\n\t\t\t\t<\/div>\n\t\t\t\t<div class=\"elementor-element elementor-element-14d0ed9 elementor-invisible animated-fast elementor-widget elementor-widget-text-editor\" data-id=\"14d0ed9\" data-element_type=\"widget\" data-settings=\"{&quot;_animation&quot;:&quot;fadeIn&quot;,&quot;_animation_delay&quot;:100}\" data-widget_type=\"text-editor.default\">\n\t\t\t\t<div class=\"elementor-widget-container\">\n\t\t\t\t\t\t\t\t\t<p>Le m\u00e9diateur, c\u2019est un tiers professionnel qualifi\u00e9 neutre et ind\u00e9pendant qui accompagne les personnes ou les organisations en situation de conflit afin de r\u00e9tablir le dialogue et de les aider \u00e0 construire, par elles-m\u00eames des solutions durables, \u00e9quitables et acceptable pour tous.<\/p><p>En termes simples\u00a0:<\/p><ul><li>Le m\u00e9diateur ne juge pas<\/li><li>Il ne tranche pas le conflit<\/li><li>Il n\u2019impose aucune d\u00e9cision<\/li><\/ul><p>Son r\u00f4le est de faciliter la communication et de s\u00e9curiser les \u00e9changes par une \u00e9coute active, le respect mutuel et la responsabilit\u00e9 des parties dans la r\u00e9solution de leur diff\u00e9rend.<\/p>\t\t\t\t\t\t\t\t<\/div>\n\t\t\t\t<\/div>\n\t\t\t\t<\/div>\n\t\t<div class=\"elementor-element elementor-element-eb2b2b1 e-con-full e-flex e-con e-child\" data-id=\"eb2b2b1\" data-element_type=\"container\" data-settings=\"{&quot;background_background&quot;:&quot;classic&quot;}\">\n\t\t<div class=\"elementor-element elementor-element-77da79d e-con-full e-flex e-con e-child\" data-id=\"77da79d\" data-element_type=\"container\" data-settings=\"{&quot;position&quot;:&quot;absolute&quot;}\">\n\t\t\t\t<div class=\"elementor-element elementor-element-b1c4be5 elementor-widget elementor-widget-template\" data-id=\"b1c4be5\" data-element_type=\"widget\" data-widget_type=\"template.default\">\n\t\t\t\t<div class=\"elementor-widget-container\">\n\t\t\t\t\t\t\t<div class=\"elementor-template\">\n\t\t\t\t\t<div data-elementor-type=\"container\" data-elementor-id=\"7162\" class=\"elementor elementor-7162\" data-elementor-post-type=\"elementor_library\">\n\t\t\t\t<div class=\"elementor-element elementor-element-c895366 e-con-full e-flex e-con e-child\" data-id=\"c895366\" data-element_type=\"container\">\n\t\t<div class=\"elementor-element elementor-element-37bc217 e-con-full blur-background e-flex e-con e-child\" data-id=\"37bc217\" data-element_type=\"container\">\n\t\t\t\t<\/div>\n\t\t<div class=\"elementor-element elementor-element-7aa6fbd e-con-full blur-background e-flex e-con e-child\" data-id=\"7aa6fbd\" data-element_type=\"container\">\n\t\t\t\t<\/div>\n\t\t<div class=\"elementor-element elementor-element-5500eb5 e-con-full blur-background e-flex e-con e-child\" data-id=\"5500eb5\" data-element_type=\"container\">\n\t\t\t\t<\/div>\n\t\t<div class=\"elementor-element elementor-element-ba4229b e-con-full blur-background e-flex e-con e-child\" data-id=\"ba4229b\" data-element_type=\"container\">\n\t\t\t\t<\/div>\n\t\t<div class=\"elementor-element elementor-element-0df9fbc e-con-full blur-background e-flex e-con e-child\" data-id=\"0df9fbc\" data-element_type=\"container\">\n\t\t\t\t<\/div>\n\t\t<div class=\"elementor-element elementor-element-a5c7002 e-con-full blur-background elementor-hidden-mobile e-flex e-con e-child\" data-id=\"a5c7002\" data-element_type=\"container\">\n\t\t\t\t<\/div>\n\t\t\t\t<\/div>\n\t\t\t\t<\/div>\n\t\t\t\t<\/div>\n\t\t\t\t\t\t<\/div>\n\t\t\t\t<\/div>\n\t\t\t\t<\/div>\n\t\t\t\t<\/div>\n\t\t\t\t\t<\/div>\n\t\t\t\t<\/div>\n\t\t\t\t<\/div>\n\t\t<div class=\"elementor-element elementor-element-7a79b56 e-flex e-con-boxed e-con e-parent\" data-id=\"7a79b56\" data-element_type=\"container\" data-settings=\"{&quot;background_background&quot;:&quot;video&quot;,&quot;background_play_on_mobile&quot;:&quot;yes&quot;,&quot;background_video_link&quot;:&quot;https:\\\/\\\/www.aer-consulting.com\\\/wp-content\\\/uploads\\\/2025\\\/12\\\/0_Business_Meeting_Discussion_3840x2160.mp4&quot;}\">\n\t\t\t\t\t<div class=\"e-con-inner\">\n\t\t<div class=\"elementor-background-video-container\" aria-hidden=\"true\">\n\t\t\t\t\t\t\t<video class=\"elementor-background-video-hosted\" autoplay muted playsinline loop><\/video>\n\t\t\t\t\t<\/div><div class=\"elementor-element elementor-element-1e1a746 e-con-full blur-background e-flex e-con e-child\" data-id=\"1e1a746\" data-element_type=\"container\">\n\t\t<div class=\"elementor-element elementor-element-60833a0 e-con-full e-flex e-con e-child\" data-id=\"60833a0\" data-element_type=\"container\">\n\t\t\t\t<div class=\"elementor-element elementor-element-4659427 elementor-widget elementor-widget-heading\" data-id=\"4659427\" data-element_type=\"widget\" data-widget_type=\"heading.default\">\n\t\t\t\t<div class=\"elementor-widget-container\">\n\t\t\t\t\t<h3 class=\"elementor-heading-title elementor-size-default\">VOUS TRAVERSEZ UN CONFLIT ? PARLONS EN AVANT QU\u2019IL NE S\u2019AGGRAVE\n<\/h3>\t\t\t\t<\/div>\n\t\t\t\t<\/div>\n\t\t\t\t<\/div>\n\t\t<div class=\"elementor-element elementor-element-24e7780 e-con-full e-flex e-con e-child\" data-id=\"24e7780\" data-element_type=\"container\">\n\t\t\t\t<div class=\"vamtam-has-theme-widget-styles elementor-element elementor-element-2dc48c9 vamtam-icon-pos-row-reverse elementor-widget elementor-widget-button\" data-id=\"2dc48c9\" data-element_type=\"widget\" data-widget_type=\"button.default\">\n\t\t\t\t<div class=\"elementor-widget-container\">\n\t\t\t\t\t\t\t\t\t<div class=\"elementor-button-wrapper\">\n\t\t\t\t\t<a class=\"elementor-button elementor-button-link elementor-size-sm\" href=\"https:\/\/www.aer-consulting.com\/index.php\/rdv-2\/\">\n\t\t\t\t\t\t<span class=\"elementor-button-content-wrapper\">\n\t\t\t\t\t\t<span class=\"elementor-button-icon\">\n\t\t\t\t<i aria-hidden=\"true\" class=\"vamtamtheme- vamtam-theme-arrow-right\"><\/i>\t\t\t<\/span>\n\t\t\t\t\t\t\t\t\t<span class=\"elementor-button-text\">Prendre un RDV<\/span>\n\t\t\t\t\t<\/span>\n\t\t\t\t\t<\/a>\n\t\t\t\t<\/div>\n\t\t\t\t\t\t\t\t<\/div>\n\t\t\t\t<\/div>\n\t\t\t\t<\/div>\n\t\t\t\t<\/div>\n\t\t\t\t\t<\/div>\n\t\t\t\t<\/div>\n\t\t\t\t<\/div>\n\t\t","protected":false},"excerpt":{"rendered":"<p>A skilled blend of management and a team of experts, we deliver strategic insights and innovative solutions to drive business success. <\/p>\n","protected":false},"author":1,"featured_media":0,"parent":0,"menu_order":0,"comment_status":"closed","ping_status":"closed","template":"","meta":{"footnotes":""},"class_list":["post-266","page","type-page","status-publish","hentry"],"yoast_head":"<!-- This site is optimized with the Yoast SEO plugin v26.6 - https:\/\/yoast.com\/wordpress\/plugins\/seo\/ -->\n<title>Le M\u00e9diateur professionnel - AER Consulting<\/title>\n<meta name=\"robots\" content=\"index, follow, max-snippet:-1, max-image-preview:large, max-video-preview:-1\" \/>\n<link rel=\"canonical\" href=\"https:\/\/www.aer-consulting.com\/index.php\/mediateur\/\" \/>\n<meta property=\"og:locale\" content=\"fr_FR\" \/>\n<meta property=\"og:type\" content=\"article\" \/>\n<meta property=\"og:title\" content=\"Le M\u00e9diateur professionnel - AER Consulting\" \/>\n<meta property=\"og:description\" content=\"A skilled blend of management and a team of experts, we deliver strategic insights and innovative solutions to drive business success.\" \/>\n<meta property=\"og:url\" content=\"https:\/\/www.aer-consulting.com\/index.php\/mediateur\/\" \/>\n<meta property=\"og:site_name\" content=\"AER Consulting\" \/>\n<meta property=\"article:modified_time\" content=\"2025-12-22T09:20:36+00:00\" \/>\n<meta name=\"twitter:card\" content=\"summary_large_image\" \/>\n<meta name=\"twitter:label1\" content=\"Dur\u00e9e de lecture estim\u00e9e\" \/>\n\t<meta name=\"twitter:data1\" content=\"1 minute\" \/>\n<script type=\"application\/ld+json\" class=\"yoast-schema-graph\">{\"@context\":\"https:\/\/schema.org\",\"@graph\":[{\"@type\":\"WebPage\",\"@id\":\"https:\/\/www.aer-consulting.com\/index.php\/mediateur\/\",\"url\":\"https:\/\/www.aer-consulting.com\/index.php\/mediateur\/\",\"name\":\"Le M\u00e9diateur professionnel - AER Consulting\",\"isPartOf\":{\"@id\":\"https:\/\/www.aer-consulting.com\/#website\"},\"datePublished\":\"2025-03-28T07:46:15+00:00\",\"dateModified\":\"2025-12-22T09:20:36+00:00\",\"breadcrumb\":{\"@id\":\"https:\/\/www.aer-consulting.com\/index.php\/mediateur\/#breadcrumb\"},\"inLanguage\":\"fr-FR\",\"potentialAction\":[{\"@type\":\"ReadAction\",\"target\":[\"https:\/\/www.aer-consulting.com\/index.php\/mediateur\/\"]}]},{\"@type\":\"BreadcrumbList\",\"@id\":\"https:\/\/www.aer-consulting.com\/index.php\/mediateur\/#breadcrumb\",\"itemListElement\":[{\"@type\":\"ListItem\",\"position\":1,\"name\":\"Accueil\",\"item\":\"https:\/\/www.aer-consulting.com\/\"},{\"@type\":\"ListItem\",\"position\":2,\"name\":\"Le M\u00e9diateur professionnel\"}]},{\"@type\":\"WebSite\",\"@id\":\"https:\/\/www.aer-consulting.com\/#website\",\"url\":\"https:\/\/www.aer-consulting.com\/\",\"name\":\"AER Consulting\",\"description\":\"Le conflit n\u2019est pas une fin mais un point de d\u00e9part\",\"publisher\":{\"@id\":\"https:\/\/www.aer-consulting.com\/#organization\"},\"potentialAction\":[{\"@type\":\"SearchAction\",\"target\":{\"@type\":\"EntryPoint\",\"urlTemplate\":\"https:\/\/www.aer-consulting.com\/?s={search_term_string}\"},\"query-input\":{\"@type\":\"PropertyValueSpecification\",\"valueRequired\":true,\"valueName\":\"search_term_string\"}}],\"inLanguage\":\"fr-FR\"},{\"@type\":\"Organization\",\"@id\":\"https:\/\/www.aer-consulting.com\/#organization\",\"name\":\"AER Consulting\",\"url\":\"https:\/\/www.aer-consulting.com\/\",\"logo\":{\"@type\":\"ImageObject\",\"inLanguage\":\"fr-FR\",\"@id\":\"https:\/\/www.aer-consulting.com\/#\/schema\/logo\/image\/\",\"url\":\"https:\/\/www.aer-consulting.com\/wp-content\/uploads\/2025\/03\/aerlogo5.png\",\"contentUrl\":\"https:\/\/www.aer-consulting.com\/wp-content\/uploads\/2025\/03\/aerlogo5.png\",\"width\":150,\"height\":33,\"caption\":\"AER Consulting\"},\"image\":{\"@id\":\"https:\/\/www.aer-consulting.com\/#\/schema\/logo\/image\/\"}}]}<\/script>\n<!-- \/ Yoast SEO plugin. -->","yoast_head_json":{"title":"Le M\u00e9diateur professionnel - AER Consulting","robots":{"index":"index","follow":"follow","max-snippet":"max-snippet:-1","max-image-preview":"max-image-preview:large","max-video-preview":"max-video-preview:-1"},"canonical":"https:\/\/www.aer-consulting.com\/index.php\/mediateur\/","og_locale":"fr_FR","og_type":"article","og_title":"Le M\u00e9diateur professionnel - AER Consulting","og_description":"A skilled blend of management and a team of experts, we deliver strategic insights and innovative solutions to drive business success.","og_url":"https:\/\/www.aer-consulting.com\/index.php\/mediateur\/","og_site_name":"AER Consulting","article_modified_time":"2025-12-22T09:20:36+00:00","twitter_card":"summary_large_image","twitter_misc":{"Dur\u00e9e de lecture estim\u00e9e":"1 minute"},"schema":{"@context":"https:\/\/schema.org","@graph":[{"@type":"WebPage","@id":"https:\/\/www.aer-consulting.com\/index.php\/mediateur\/","url":"https:\/\/www.aer-consulting.com\/index.php\/mediateur\/","name":"Le M\u00e9diateur professionnel - AER Consulting","isPartOf":{"@id":"https:\/\/www.aer-consulting.com\/#website"},"datePublished":"2025-03-28T07:46:15+00:00","dateModified":"2025-12-22T09:20:36+00:00","breadcrumb":{"@id":"https:\/\/www.aer-consulting.com\/index.php\/mediateur\/#breadcrumb"},"inLanguage":"fr-FR","potentialAction":[{"@type":"ReadAction","target":["https:\/\/www.aer-consulting.com\/index.php\/mediateur\/"]}]},{"@type":"BreadcrumbList","@id":"https:\/\/www.aer-consulting.com\/index.php\/mediateur\/#breadcrumb","itemListElement":[{"@type":"ListItem","position":1,"name":"Accueil","item":"https:\/\/www.aer-consulting.com\/"},{"@type":"ListItem","position":2,"name":"Le M\u00e9diateur professionnel"}]},{"@type":"WebSite","@id":"https:\/\/www.aer-consulting.com\/#website","url":"https:\/\/www.aer-consulting.com\/","name":"AER Consulting","description":"Le conflit n\u2019est pas une fin mais un point de d\u00e9part","publisher":{"@id":"https:\/\/www.aer-consulting.com\/#organization"},"potentialAction":[{"@type":"SearchAction","target":{"@type":"EntryPoint","urlTemplate":"https:\/\/www.aer-consulting.com\/?s={search_term_string}"},"query-input":{"@type":"PropertyValueSpecification","valueRequired":true,"valueName":"search_term_string"}}],"inLanguage":"fr-FR"},{"@type":"Organization","@id":"https:\/\/www.aer-consulting.com\/#organization","name":"AER Consulting","url":"https:\/\/www.aer-consulting.com\/","logo":{"@type":"ImageObject","inLanguage":"fr-FR","@id":"https:\/\/www.aer-consulting.com\/#\/schema\/logo\/image\/","url":"https:\/\/www.aer-consulting.com\/wp-content\/uploads\/2025\/03\/aerlogo5.png","contentUrl":"https:\/\/www.aer-consulting.com\/wp-content\/uploads\/2025\/03\/aerlogo5.png","width":150,"height":33,"caption":"AER Consulting"},"image":{"@id":"https:\/\/www.aer-consulting.com\/#\/schema\/logo\/image\/"}}]}},"_links":{"self":[{"href":"https:\/\/www.aer-consulting.com\/index.php\/wp-json\/wp\/v2\/pages\/266","targetHints":{"allow":["GET"]}}],"collection":[{"href":"https:\/\/www.aer-consulting.com\/index.php\/wp-json\/wp\/v2\/pages"}],"about":[{"href":"https:\/\/www.aer-consulting.com\/index.php\/wp-json\/wp\/v2\/types\/page"}],"author":[{"embeddable":true,"href":"https:\/\/www.aer-consulting.com\/index.php\/wp-json\/wp\/v2\/users\/1"}],"replies":[{"embeddable":true,"href":"https:\/\/www.aer-consulting.com\/index.php\/wp-json\/wp\/v2\/comments?post=266"}],"version-history":[{"count":41,"href":"https:\/\/www.aer-consulting.com\/index.php\/wp-json\/wp\/v2\/pages\/266\/revisions"}],"predecessor-version":[{"id":987992,"href":"https:\/\/www.aer-consulting.com\/index.php\/wp-json\/wp\/v2\/pages\/266\/revisions\/987992"}],"wp:attachment":[{"href":"https:\/\/www.aer-consulting.com\/index.php\/wp-json\/wp\/v2\/media?parent=266"}],"curies":[{"name":"wp","href":"https:\/\/api.w.org\/{rel}","templated":true}]}}